{"id":72,"date":"2023-12-28T09:52:35","date_gmt":"2023-12-28T09:52:35","guid":{"rendered":"https:\/\/lietuva.epochuratu.lt\/?page_id=72"},"modified":"2024-01-16T20:51:57","modified_gmt":"2024-01-16T20:51:57","slug":"reikalavimai","status":"publish","type":"page","link":"https:\/\/lietuva.epochuratu.lt\/?page_id=72","title":{"rendered":"Reikalavimai"},"content":{"rendered":"\n<div class=\"wp-block-buttons is-layout-flex wp-block-buttons-is-layout-flex\">\n<div class=\"wp-block-button has-custom-width wp-block-button__width-50\"><a class=\"wp-block-button__link wp-element-button\" href=\"https:\/\/lietuva.epochuratu.lt\/wp-content\/uploads\/2024\/01\/Video_reikalavimai.pdf\" download=\"VideoReikalavimai.pdf\">Video Reikalavimai<\/a><\/div>\n<\/div>\n\n\n\n<p><\/p>\n\n\n\n<div class=\"wp-block-buttons is-layout-flex wp-block-buttons-is-layout-flex\">\n<div class=\"wp-block-button\"><a class=\"wp-block-button__link wp-element-button\" href=\"https:\/\/lietuva.epochuratu.lt\/wp-content\/uploads\/2024\/01\/Staistine-analize-pasirinkto-tautodailes-elemento.docx\" download=\"Statistin\u0117 regiono tautodail\u0117s elemento spalv\u0173 analiz\u0117.docx\">Statistin\u0117 regiono tautodail\u0117s elemento spalv\u0173 analiz\u0117.<\/a><\/div>\n<\/div>\n\n\n\n<p><\/p>\n\n\n\n<div class=\"wp-block-buttons is-layout-flex wp-block-buttons-is-layout-flex\">\n<div class=\"wp-block-button\"><a class=\"wp-block-button__link wp-element-button\" href=\"https:\/\/lietuva.epochuratu.lt\/wp-content\/uploads\/2024\/01\/Skaitovu-konkursas.docx\">Skaitov\u0173 konkursas<\/a><\/div>\n<\/div>\n\n\n\n<p><\/p>\n\n\n\n<div class=\"wp-block-buttons is-layout-flex wp-block-buttons-is-layout-flex\">\n<div class=\"wp-block-button\"><a class=\"wp-block-button__link wp-element-button\" href=\"https:\/\/lietuva.epochuratu.lt\/wp-content\/uploads\/2024\/01\/Regiono-virtuve.-Kulinarinio-paveldo-patiekalas.docx\">Regiono virtuv\u0117. Kulinarinio paveldo patiekalas<\/a><\/div>\n<\/div>\n\n\n\n<p><\/p>\n\n\n\n<div class=\"wp-block-buttons is-layout-flex wp-block-buttons-is-layout-flex\">\n<div class=\"wp-block-button\"><a class=\"wp-block-button__link wp-element-button\" href=\"https:\/\/lietuva.epochuratu.lt\/wp-content\/uploads\/2024\/01\/Plakatas-saugomos-teritorijos.docx\">Plakatas saugomos teritorijos<\/a><\/div>\n<\/div>\n\n\n\n<p><\/p>\n\n\n\n<div class=\"wp-block-buttons is-layout-flex wp-block-buttons-is-layout-flex\">\n<div class=\"wp-block-button\"><a class=\"wp-block-button__link wp-element-button\" href=\"https:\/\/lietuva.epochuratu.lt\/wp-content\/uploads\/2024\/01\/Pateikties-reikalavimai-2024.pptx\">Pateikties reikalavimai<\/a><\/div>\n<\/div>\n\n\n\n<p><\/p>\n\n\n\n<div class=\"wp-block-buttons is-layout-flex wp-block-buttons-is-layout-flex\">\n<div class=\"wp-block-button\"><a class=\"wp-block-button__link wp-element-button\" href=\"https:\/\/lietuva.epochuratu.lt\/wp-content\/uploads\/2024\/01\/Marsrutas-uzsienio-kalbos.docx\">Mar\u0161rutas u\u017esienio kalbos<\/a><\/div>\n<\/div>\n\n\n\n<p><\/p>\n\n\n\n<div class=\"wp-block-buttons is-layout-flex wp-block-buttons-is-layout-flex\">\n<div class=\"wp-block-button\"><a class=\"wp-block-button__link wp-element-button\" href=\"https:\/\/lietuva.epochuratu.lt\/wp-content\/uploads\/2024\/01\/Lankstinukas.docx\">Lankstinukas<\/a><\/div>\n<\/div>\n\n\n\n<p><\/p>\n\n\n\n<div class=\"wp-block-buttons is-layout-flex wp-block-buttons-is-layout-flex\">\n<div class=\"wp-block-button\"><a class=\"wp-block-button__link wp-element-button\" href=\"https:\/\/lietuva.epochuratu.lt\/wp-content\/uploads\/2024\/01\/Komiksas.docx\">Komiksas<\/a><\/div>\n<\/div>\n\n\n\n<p><\/p>\n\n\n\n<div class=\"wp-block-buttons is-layout-flex wp-block-buttons-is-layout-flex\">\n<div class=\"wp-block-button\"><a class=\"wp-block-button__link wp-element-button\" href=\"https:\/\/lietuva.epochuratu.lt\/wp-content\/uploads\/2024\/01\/Daina.docx\">Daina<\/a><\/div>\n<\/div>\n\n\n\n<p><\/p>\n\n\n\n<div class=\"wp-block-buttons is-layout-flex wp-block-buttons-is-layout-flex\">\n<div class=\"wp-block-button\"><a class=\"wp-block-button__link wp-element-button\" href=\"https:\/\/lietuva.epochuratu.lt\/wp-content\/uploads\/2024\/01\/Atsinaujinantys-energijos-saltiniai.docx\">Atsinaujinantys energijos \u0161altiniai<\/a><\/div>\n<\/div>\n","protected":false},"excerpt":{"rendered":"","protected":false},"author":2,"featured_media":0,"parent":0,"menu_order":0,"comment_status":"closed","ping_status":"closed","template":"","meta":{"footnotes":""},"_links":{"self":[{"href":"https:\/\/lietuva.epochuratu.lt\/index.php?rest_route=\/wp\/v2\/pages\/72"}],"collection":[{"href":"https:\/\/lietuva.epochuratu.lt\/index.php?rest_route=\/wp\/v2\/pages"}],"about":[{"href":"https:\/\/lietuva.epochuratu.lt\/index.php?rest_route=\/wp\/v2\/types\/page"}],"author":[{"embeddable":true,"href":"https:\/\/lietuva.epochuratu.lt\/index.php?rest_route=\/wp\/v2\/users\/2"}],"replies":[{"embeddable":true,"href":"https:\/\/lietuva.epochuratu.lt\/index.php?rest_route=%2Fwp%2Fv2%2Fcomments&post=72"}],"version-history":[{"count":11,"href":"https:\/\/lietuva.epochuratu.lt\/index.php?rest_route=\/wp\/v2\/pages\/72\/revisions"}],"predecessor-version":[{"id":446,"href":"https:\/\/lietuva.epochuratu.lt\/index.php?rest_route=\/wp\/v2\/pages\/72\/revisions\/446"}],"wp:attachment":[{"href":"https:\/\/lietuva.epochuratu.lt\/index.php?rest_route=%2Fwp%2Fv2%2Fmedia&parent=72"}],"curies":[{"name":"wp","href":"https:\/\/api.w.org\/{rel}","templated":true}]}}